{"id":129,"date":"2023-10-14T15:56:55","date_gmt":"2023-10-14T15:56:55","guid":{"rendered":"https:\/\/bizketo.com\/?post_type=product&#038;p=129"},"modified":"2025-01-09T10:46:42","modified_gmt":"2025-01-09T13:46:42","slug":"semillas-de-chia-x-250g","status":"publish","type":"product","link":"http:\/\/bizketo.com\/index.php\/product\/semillas-de-chia-x-250g\/","title":{"rendered":"Semillas de ch\u00eda x 250g"},"content":{"rendered":"<p><strong>Propiedades<\/strong><\/p>\n<p>La semilla de ch\u00eda contiene muchas propiedades como: prote\u00ednas,\u00a0calcio,\u00a0boro\u00a0(mineral que ayuda a fijar el calcio de los huesos),\u00a0potasio, hierro, \u00e1cidos grasos como\u00a0omega 3,\u00a0antioxidantes\u00a0y tambi\u00e9n\u00a0oligoelementos\u00a0tales como el\u00a0magnesio,\u00a0manganeso,\u00a0cobre,\u00a0zinc\u00a0y\u00a0vitaminas como la\u00a0niacina\u00a0entre otras.<\/p>\n<p>La mayor parte del componente de carbohidratos de la semilla de ch\u00eda es de fibra. Las semillas de ch\u00eda contienen 11 gramos de fibras en 1 onza de ch\u00eda.<\/p>\n<p>En comparaci\u00f3n con otros alimentos tiene de prote\u00edna dos veces m\u00e1s que cualquier semilla, cinco veces m\u00e1s calcio que la leche entera, dos veces la cantidad de potasio en los pl\u00e1tanos, tres veces m\u00e1s antioxidantes que los ar\u00e1ndanos, tres veces m\u00e1s hierro que las espinacas y siete veces m\u00e1s omega 3 que el salm\u00f3n.<\/p>\n<p><strong>Beneficios<\/strong><\/p>\n<p><strong>Proporciona energ\u00eda, aumenta fuerza y resistencia<\/strong><\/p>\n<p>Por sus altos contenidos de prote\u00ednas y la combinaci\u00f3n de vitaminas y minerales nos ayudan a ser constantes en nuestras actividades diarias.<\/p>\n<p><strong>Regula los niveles de az\u00facar<\/strong><\/p>\n<p>Retardando el proceso por el cual las enzimas digestivas descomponen los carbohidratos y las convierten en az\u00facar. Despu\u00e9s de las comidas -especialmente si comemos alimentos con almid\u00f3n o dulces-, podemos llegar a sentirnos cansados y sin energ\u00eda. Al equilibrar el az\u00facar en la sangre, no s\u00f3lo reducimos el riesgo de diabetes tipo 2, tambi\u00e9n garantizamos una energ\u00eda constante durante todo el d\u00eda.<\/p>\n<p>Si se a\u00f1ade ch\u00eda a la comida, puede ayudar a evitar las variaciones del az\u00facar en sangre y regular por tanto la\u00a0insulina.<\/p>\n<p><strong>P\u00e9rdida de peso<\/strong><\/p>\n<p>Las semillas y su acci\u00f3n gelificante \u00fanica mantienen la sensaci\u00f3n de saciedad durante horas.<\/p>\n<p><strong>Regularidad intestinal<\/strong><\/p>\n<p>La fibra soluble y el revestimiento de gel de la semilla mantienen el colon hidratado y aseguran el movimiento f\u00e1cil de los alimentos.<\/p>\n","protected":false},"excerpt":{"rendered":"<p>Propiedades La semilla de ch\u00eda contiene muchas propiedades como: prote\u00ednas,\u00a0calcio,\u00a0boro\u00a0(mineral que ayuda a fijar el calcio de los huesos),\u00a0potasio, hierro, \u00e1cidos grasos como\u00a0omega 3,\u00a0antioxidantes\u00a0y tambi\u00e9n\u00a0oligoelementos\u00a0tales como el\u00a0magnesio,\u00a0manganeso,\u00a0cobre,\u00a0zinc\u00a0y\u00a0vitaminas como la\u00a0niacina\u00a0entre otras. La mayor parte del componente de carbohidratos de la semilla de ch\u00eda es de fibra. Las semillas de ch\u00eda contienen 11 gramos de fibras en [&hellip;]<\/p>\n","protected":false},"featured_media":130,"comment_status":"open","ping_status":"closed","template":"","meta":[],"product_cat":[38],"product_tag":[],"class_list":{"0":"post-129","1":"product","2":"type-product","3":"status-publish","4":"has-post-thumbnail","6":"product_cat-semillas","8":"first","9":"instock","10":"shipping-taxable","11":"purchasable","12":"product-type-simple"},"yoast_head":"<!-- This site is optimized with the Yoast SEO plugin v22.9 - https:\/\/yoast.com\/wordpress\/plugins\/seo\/ -->\n<title>Semillas de ch\u00eda x 250g - BizKeto<\/title>\n<meta name=\"robots\" content=\"index, follow, max-snippet:-1, max-image-preview:large, max-video-preview:-1\" \/>\n<link rel=\"canonical\" href=\"http:\/\/bizketo.com\/index.php\/product\/semillas-de-chia-x-250g\/\" \/>\n<meta property=\"og:locale\" content=\"es_ES\" \/>\n<meta property=\"og:type\" content=\"article\" \/>\n<meta property=\"og:title\" content=\"Semillas de ch\u00eda x 250g - BizKeto\" \/>\n<meta property=\"og:description\" content=\"Propiedades La semilla de ch\u00eda contiene muchas propiedades como: prote\u00ednas,\u00a0calcio,\u00a0boro\u00a0(mineral que ayuda a fijar el calcio de los huesos),\u00a0potasio, hierro, \u00e1cidos grasos como\u00a0omega 3,\u00a0antioxidantes\u00a0y tambi\u00e9n\u00a0oligoelementos\u00a0tales como el\u00a0magnesio,\u00a0manganeso,\u00a0cobre,\u00a0zinc\u00a0y\u00a0vitaminas como la\u00a0niacina\u00a0entre otras. La mayor parte del componente de carbohidratos de la semilla de ch\u00eda es de fibra. Las semillas de ch\u00eda contienen 11 gramos de fibras en [&hellip;]\" \/>\n<meta property=\"og:url\" content=\"http:\/\/bizketo.com\/index.php\/product\/semillas-de-chia-x-250g\/\" \/>\n<meta property=\"og:site_name\" content=\"BizKeto\" \/>\n<meta property=\"article:publisher\" content=\"https:\/\/www.facebook.com\/avenaymielCdM\" \/>\n<meta property=\"article:modified_time\" content=\"2025-01-09T13:46:42+00:00\" \/>\n<meta property=\"og:image\" content=\"http:\/\/bizketo.com\/wp-content\/uploads\/2023\/10\/4_20231011_222121_0003.png\" \/>\n\t<meta property=\"og:image:width\" content=\"1080\" \/>\n\t<meta property=\"og:image:height\" content=\"1350\" \/>\n\t<meta property=\"og:image:type\" content=\"image\/png\" \/>\n<meta name=\"twitter:card\" content=\"summary_large_image\" \/>\n<meta name=\"twitter:label1\" content=\"Tiempo de lectura\" \/>\n\t<meta name=\"twitter:data1\" content=\"2 minutos\" \/>\n<script type=\"application\/ld+json\" class=\"yoast-schema-graph\">{\"@context\":\"https:\/\/schema.org\",\"@graph\":[{\"@type\":\"WebPage\",\"@id\":\"http:\/\/bizketo.com\/index.php\/product\/semillas-de-chia-x-250g\/\",\"url\":\"http:\/\/bizketo.com\/index.php\/product\/semillas-de-chia-x-250g\/\",\"name\":\"Semillas de ch\u00eda x 250g - BizKeto\",\"isPartOf\":{\"@id\":\"http:\/\/bizketo.com\/#website\"},\"primaryImageOfPage\":{\"@id\":\"http:\/\/bizketo.com\/index.php\/product\/semillas-de-chia-x-250g\/#primaryimage\"},\"image\":{\"@id\":\"http:\/\/bizketo.com\/index.php\/product\/semillas-de-chia-x-250g\/#primaryimage\"},\"thumbnailUrl\":\"http:\/\/bizketo.com\/wp-content\/uploads\/2023\/10\/4_20231011_222121_0003.png\",\"datePublished\":\"2023-10-14T15:56:55+00:00\",\"dateModified\":\"2025-01-09T13:46:42+00:00\",\"breadcrumb\":{\"@id\":\"http:\/\/bizketo.com\/index.php\/product\/semillas-de-chia-x-250g\/#breadcrumb\"},\"inLanguage\":\"es-AR\",\"potentialAction\":[{\"@type\":\"ReadAction\",\"target\":[\"http:\/\/bizketo.com\/index.php\/product\/semillas-de-chia-x-250g\/\"]}]},{\"@type\":\"ImageObject\",\"inLanguage\":\"es-AR\",\"@id\":\"http:\/\/bizketo.com\/index.php\/product\/semillas-de-chia-x-250g\/#primaryimage\",\"url\":\"http:\/\/bizketo.com\/wp-content\/uploads\/2023\/10\/4_20231011_222121_0003.png\",\"contentUrl\":\"http:\/\/bizketo.com\/wp-content\/uploads\/2023\/10\/4_20231011_222121_0003.png\",\"width\":1080,\"height\":1350},{\"@type\":\"BreadcrumbList\",\"@id\":\"http:\/\/bizketo.com\/index.php\/product\/semillas-de-chia-x-250g\/#breadcrumb\",\"itemListElement\":[{\"@type\":\"ListItem\",\"position\":1,\"name\":\"Inicio\",\"item\":\"http:\/\/bizketo.com\/\"},{\"@type\":\"ListItem\",\"position\":2,\"name\":\"Premezclas Keto\",\"item\":\"http:\/\/bizketo.com\/\"},{\"@type\":\"ListItem\",\"position\":3,\"name\":\"Semillas de ch\u00eda x 250g\"}]},{\"@type\":\"WebSite\",\"@id\":\"http:\/\/bizketo.com\/#website\",\"url\":\"http:\/\/bizketo.com\/\",\"name\":\"Bizketo\",\"description\":\"Nutriendo tu mejor version\",\"publisher\":{\"@id\":\"http:\/\/bizketo.com\/#organization\"},\"potentialAction\":[{\"@type\":\"SearchAction\",\"target\":{\"@type\":\"EntryPoint\",\"urlTemplate\":\"http:\/\/bizketo.com\/?s={search_term_string}\"},\"query-input\":\"required name=search_term_string\"}],\"inLanguage\":\"es-AR\"},{\"@type\":\"Organization\",\"@id\":\"http:\/\/bizketo.com\/#organization\",\"name\":\"Bizketo\",\"url\":\"http:\/\/bizketo.com\/\",\"logo\":{\"@type\":\"ImageObject\",\"inLanguage\":\"es-AR\",\"@id\":\"http:\/\/bizketo.com\/#\/schema\/logo\/image\/\",\"url\":\"http:\/\/bizketo.com\/wp-content\/uploads\/2023\/07\/cropped-WhatsApp-Image-2023-07-25-at-20.17.58-2.jpeg\",\"contentUrl\":\"http:\/\/bizketo.com\/wp-content\/uploads\/2023\/07\/cropped-WhatsApp-Image-2023-07-25-at-20.17.58-2.jpeg\",\"width\":100,\"height\":70,\"caption\":\"Bizketo\"},\"image\":{\"@id\":\"http:\/\/bizketo.com\/#\/schema\/logo\/image\/\"},\"sameAs\":[\"https:\/\/www.facebook.com\/avenaymielCdM\",\"https:\/\/www.instagram.com\/bizketo_ar\"]}]}<\/script>\n<!-- \/ Yoast SEO plugin. -->","yoast_head_json":{"title":"Semillas de ch\u00eda x 250g - BizKeto","robots":{"index":"index","follow":"follow","max-snippet":"max-snippet:-1","max-image-preview":"max-image-preview:large","max-video-preview":"max-video-preview:-1"},"canonical":"http:\/\/bizketo.com\/index.php\/product\/semillas-de-chia-x-250g\/","og_locale":"es_ES","og_type":"article","og_title":"Semillas de ch\u00eda x 250g - BizKeto","og_description":"Propiedades La semilla de ch\u00eda contiene muchas propiedades como: prote\u00ednas,\u00a0calcio,\u00a0boro\u00a0(mineral que ayuda a fijar el calcio de los huesos),\u00a0potasio, hierro, \u00e1cidos grasos como\u00a0omega 3,\u00a0antioxidantes\u00a0y tambi\u00e9n\u00a0oligoelementos\u00a0tales como el\u00a0magnesio,\u00a0manganeso,\u00a0cobre,\u00a0zinc\u00a0y\u00a0vitaminas como la\u00a0niacina\u00a0entre otras. La mayor parte del componente de carbohidratos de la semilla de ch\u00eda es de fibra. Las semillas de ch\u00eda contienen 11 gramos de fibras en [&hellip;]","og_url":"http:\/\/bizketo.com\/index.php\/product\/semillas-de-chia-x-250g\/","og_site_name":"BizKeto","article_publisher":"https:\/\/www.facebook.com\/avenaymielCdM","article_modified_time":"2025-01-09T13:46:42+00:00","og_image":[{"width":1080,"height":1350,"url":"http:\/\/bizketo.com\/wp-content\/uploads\/2023\/10\/4_20231011_222121_0003.png","type":"image\/png"}],"twitter_card":"summary_large_image","twitter_misc":{"Tiempo de lectura":"2 minutos"},"schema":{"@context":"https:\/\/schema.org","@graph":[{"@type":"WebPage","@id":"http:\/\/bizketo.com\/index.php\/product\/semillas-de-chia-x-250g\/","url":"http:\/\/bizketo.com\/index.php\/product\/semillas-de-chia-x-250g\/","name":"Semillas de ch\u00eda x 250g - BizKeto","isPartOf":{"@id":"http:\/\/bizketo.com\/#website"},"primaryImageOfPage":{"@id":"http:\/\/bizketo.com\/index.php\/product\/semillas-de-chia-x-250g\/#primaryimage"},"image":{"@id":"http:\/\/bizketo.com\/index.php\/product\/semillas-de-chia-x-250g\/#primaryimage"},"thumbnailUrl":"http:\/\/bizketo.com\/wp-content\/uploads\/2023\/10\/4_20231011_222121_0003.png","datePublished":"2023-10-14T15:56:55+00:00","dateModified":"2025-01-09T13:46:42+00:00","breadcrumb":{"@id":"http:\/\/bizketo.com\/index.php\/product\/semillas-de-chia-x-250g\/#breadcrumb"},"inLanguage":"es-AR","potentialAction":[{"@type":"ReadAction","target":["http:\/\/bizketo.com\/index.php\/product\/semillas-de-chia-x-250g\/"]}]},{"@type":"ImageObject","inLanguage":"es-AR","@id":"http:\/\/bizketo.com\/index.php\/product\/semillas-de-chia-x-250g\/#primaryimage","url":"http:\/\/bizketo.com\/wp-content\/uploads\/2023\/10\/4_20231011_222121_0003.png","contentUrl":"http:\/\/bizketo.com\/wp-content\/uploads\/2023\/10\/4_20231011_222121_0003.png","width":1080,"height":1350},{"@type":"BreadcrumbList","@id":"http:\/\/bizketo.com\/index.php\/product\/semillas-de-chia-x-250g\/#breadcrumb","itemListElement":[{"@type":"ListItem","position":1,"name":"Inicio","item":"http:\/\/bizketo.com\/"},{"@type":"ListItem","position":2,"name":"Premezclas Keto","item":"http:\/\/bizketo.com\/"},{"@type":"ListItem","position":3,"name":"Semillas de ch\u00eda x 250g"}]},{"@type":"WebSite","@id":"http:\/\/bizketo.com\/#website","url":"http:\/\/bizketo.com\/","name":"Bizketo","description":"Nutriendo tu mejor version","publisher":{"@id":"http:\/\/bizketo.com\/#organization"},"potentialAction":[{"@type":"SearchAction","target":{"@type":"EntryPoint","urlTemplate":"http:\/\/bizketo.com\/?s={search_term_string}"},"query-input":"required name=search_term_string"}],"inLanguage":"es-AR"},{"@type":"Organization","@id":"http:\/\/bizketo.com\/#organization","name":"Bizketo","url":"http:\/\/bizketo.com\/","logo":{"@type":"ImageObject","inLanguage":"es-AR","@id":"http:\/\/bizketo.com\/#\/schema\/logo\/image\/","url":"http:\/\/bizketo.com\/wp-content\/uploads\/2023\/07\/cropped-WhatsApp-Image-2023-07-25-at-20.17.58-2.jpeg","contentUrl":"http:\/\/bizketo.com\/wp-content\/uploads\/2023\/07\/cropped-WhatsApp-Image-2023-07-25-at-20.17.58-2.jpeg","width":100,"height":70,"caption":"Bizketo"},"image":{"@id":"http:\/\/bizketo.com\/#\/schema\/logo\/image\/"},"sameAs":["https:\/\/www.facebook.com\/avenaymielCdM","https:\/\/www.instagram.com\/bizketo_ar"]}]}},"_links":{"self":[{"href":"http:\/\/bizketo.com\/index.php\/wp-json\/wp\/v2\/product\/129","targetHints":{"allow":["GET"]}}],"collection":[{"href":"http:\/\/bizketo.com\/index.php\/wp-json\/wp\/v2\/product"}],"about":[{"href":"http:\/\/bizketo.com\/index.php\/wp-json\/wp\/v2\/types\/product"}],"replies":[{"embeddable":true,"href":"http:\/\/bizketo.com\/index.php\/wp-json\/wp\/v2\/comments?post=129"}],"wp:featuredmedia":[{"embeddable":true,"href":"http:\/\/bizketo.com\/index.php\/wp-json\/wp\/v2\/media\/130"}],"wp:attachment":[{"href":"http:\/\/bizketo.com\/index.php\/wp-json\/wp\/v2\/media?parent=129"}],"wp:term":[{"taxonomy":"product_cat","embeddable":true,"href":"http:\/\/bizketo.com\/index.php\/wp-json\/wp\/v2\/product_cat?post=129"},{"taxonomy":"product_tag","embeddable":true,"href":"http:\/\/bizketo.com\/index.php\/wp-json\/wp\/v2\/product_tag?post=129"}],"curies":[{"name":"wp","href":"https:\/\/api.w.org\/{rel}","templated":true}]}}