{"id":110,"date":"2023-10-09T14:48:40","date_gmt":"2023-10-09T14:48:40","guid":{"rendered":"https:\/\/bizketo.com\/?post_type=product&#038;p=110"},"modified":"2025-01-20T10:57:07","modified_gmt":"2025-01-20T13:57:07","slug":"mani-tostado-repelado-x-500g","status":"publish","type":"product","link":"https:\/\/bizketo.com\/index.php\/product\/mani-tostado-repelado-x-500g\/","title":{"rendered":"Mani tostado repelado x 500g"},"content":{"rendered":"<p>Aunque no parezca, <strong>pertenece a la familia de las leguminosas,<\/strong> sin embargo, el man\u00ed tiene los mismos beneficios para la salud que los frutos secos y por su composicion quimica se lo clasifica como uno de estos. Es uno de los alimentos con menor \u00edndice gluc\u00e9mico, el mismo es de 15, por lo que se recomienda un consumo diario en personas diab\u00e9ticas.<\/p>\n<p>Seg\u00fan un estudio publicado en\u00a0<strong><em>Journal of Food Science and Technology<\/em><\/strong>, el man\u00ed tiene compuestos como resveratrol, que est\u00e1 asociado a la\u00a0<strong>prevenci\u00f3n del envejecimiento prematuro<\/strong>\u00a0y a\u00a0<strong>promover la longevidad<\/strong>. Tambi\u00e9n tiene fitoesteroles, que permiten bloquear la absorci\u00f3n de colesterol y coenzima Q10, elementos reconocidos por tener propiedades para prevenir enfermedades cr\u00f3nicas.<\/p>\n<p>El man\u00ed, adem\u00e1s, aporta una gran cantidad de \u00e1cido f\u00f3lico, que favorece la ovulaci\u00f3n antes del embarazo y en mujeres embarazadas, ayuda al desarrollo normal del beb\u00e9. Se ha demostrado que la ingesta de man\u00ed durante el embarazo puede\u00a0<strong>prevenir malformaciones y problemas de gestaci\u00f3n.<\/strong><\/p>\n<p>Se trata de un producto que tiene un perfil graso amigable y saludable, es decir que favorece una<strong>\u00a0disminuci\u00f3n del colesterol<\/strong>\u00a0total sangu\u00edneo y del colesterol LDL (conocido como \u201ccolesterol malo\u201d), a la vez que puede incrementar el colesterol HDL (el \u201ccolesterol bueno\u201d). Si bien el man\u00ed tiene muchas cantidades de grasa, ayuda al h\u00edgado a equilibrar su funcionamiento y al p\u00e1ncreas a procesar m\u00e1s f\u00e1cilmente el az\u00facar. Adem\u00e1s, es un nutriente rico en fibra natural y es especialmente\u00a0<strong>saludable para el coraz\u00f3n<\/strong>\u00a0y el sistema digestivo, lo que disminuye el riesgo de desarrollar enfermedades card\u00edacas o de colon.<\/p>\n<p>Otra de las funciones del man\u00ed es que puede actuar como <strong>antidepresivo<\/strong>. Los especialistas afirman que consumir un cuarto de taza de man\u00ed al d\u00eda ayuda a generar niveles altos de serotonina en el cerebro, que se traduce en un equilibrio hormonal. Su alto contenido energ\u00e9tico ayuda a disminuir la sensaci\u00f3n de debilidad, cansancio y apat\u00eda.<\/p>\n<h2 id=\"h-los-nutrientes-que-contribuyen-en-la-salud-cognitiva\" class=\"wp-block-heading\">Los nutrientes que contribuyen en la salud cognitiva<\/h2>\n<ul>\n<li><strong>Vitaminas del grupo B.\u00a0<\/strong>Son necesarias para la producci\u00f3n de elementos espec\u00edficos del cerebro como los neurotransmisores y la estructura celular.<\/li>\n<li><strong>\u00c1cidos grasos polinsaturados.<\/strong>\u00a0Componentes cr\u00edticos de las membranas neuronales, mantienen las membranas fluidas y la comunicaci\u00f3n entre c\u00e9lulas.<\/li>\n<li><strong>Vitamina E.<\/strong>\u00a0Involucrada directamente en la protecci\u00f3n de la membrana celular por medio de su acci\u00f3n antioxidante.<\/li>\n<li><strong>Magnesio y Calcio.<\/strong>\u00a0Regulaci\u00f3n de la comunicaci\u00f3n entre c\u00e9lulas del cerebro.<\/li>\n<li><strong>Zinc<\/strong>. Componente de enzimas y componente estructural de varias prote\u00ednas, hormonas, receptor de hormonas, y mol\u00e9culas involucradas en la comunicaci\u00f3n entre c\u00e9lulas del cerebro.<\/li>\n<li><strong>Hierro.<\/strong>\u00a0Necesario para asegurar la oxigenaci\u00f3n del cerebro, as\u00ed como para la s\u00edntesis de los neurotransmisores.<\/li>\n<li><strong>Manganeso y cobre<\/strong>. Participan de los mecanismos enzim\u00e1ticos que protegen de los radicales libres.<\/li>\n<li><strong>Fitonutrientes como carotenoides y flavonoides<\/strong>. Funci\u00f3n neuropredictiva por medio de su rol como antioxidante.<\/li>\n<\/ul>\n","protected":false},"excerpt":{"rendered":"<p>Aunque no parezca, pertenece a la familia de las leguminosas, sin embargo, el man\u00ed tiene los mismos beneficios para la salud que los frutos secos y por su composicion quimica se lo clasifica como uno de estos. Es uno de los alimentos con menor \u00edndice gluc\u00e9mico, el mismo es de 15, por lo que se [&hellip;]<\/p>\n","protected":false},"featured_media":109,"comment_status":"open","ping_status":"closed","template":"","meta":[],"product_cat":[39],"product_tag":[],"class_list":{"0":"post-110","1":"product","2":"type-product","3":"status-publish","4":"has-post-thumbnail","6":"product_cat-frutos-secos","8":"first","9":"instock","10":"shipping-taxable","11":"purchasable","12":"product-type-simple"},"yoast_head":"<!-- This site is optimized with the Yoast SEO plugin v22.9 - https:\/\/yoast.com\/wordpress\/plugins\/seo\/ -->\n<title>Mani tostado repelado x 500g - BizKeto<\/title>\n<meta name=\"description\" content=\"Manie tostado y repelado, listo para consumir o acompa\u00f1ar tus snacks y comidas. Es un alimento sin gluten, nutritivo con aporta de fibras y proteinas.\" \/>\n<meta name=\"robots\" content=\"index, follow, max-snippet:-1, max-image-preview:large, max-video-preview:-1\" \/>\n<link rel=\"canonical\" href=\"https:\/\/bizketo.com\/index.php\/product\/mani-tostado-repelado-x-500g\/\" \/>\n<meta property=\"og:locale\" content=\"es_ES\" \/>\n<meta property=\"og:type\" content=\"article\" \/>\n<meta property=\"og:title\" content=\"Mani tostado repelado x 500g - BizKeto\" \/>\n<meta property=\"og:description\" content=\"Manie tostado y repelado, listo para consumir o acompa\u00f1ar tus snacks y comidas. Es un alimento sin gluten, nutritivo con aporta de fibras y proteinas.\" \/>\n<meta property=\"og:url\" content=\"https:\/\/bizketo.com\/index.php\/product\/mani-tostado-repelado-x-500g\/\" \/>\n<meta property=\"og:site_name\" content=\"BizKeto\" \/>\n<meta property=\"article:publisher\" content=\"https:\/\/www.facebook.com\/avenaymielCdM\" \/>\n<meta property=\"article:modified_time\" content=\"2025-01-20T13:57:07+00:00\" \/>\n<meta property=\"og:image\" content=\"https:\/\/bizketo.com\/wp-content\/uploads\/2023\/10\/IMG_20200707_123424933-scaled.jpg\" \/>\n\t<meta property=\"og:image:width\" content=\"1920\" \/>\n\t<meta property=\"og:image:height\" content=\"2560\" \/>\n\t<meta property=\"og:image:type\" content=\"image\/jpeg\" \/>\n<meta name=\"twitter:card\" content=\"summary_large_image\" \/>\n<meta name=\"twitter:label1\" content=\"Tiempo de lectura\" \/>\n\t<meta name=\"twitter:data1\" content=\"3 minutos\" \/>\n<script type=\"application\/ld+json\" class=\"yoast-schema-graph\">{\"@context\":\"https:\/\/schema.org\",\"@graph\":[{\"@type\":\"WebPage\",\"@id\":\"https:\/\/bizketo.com\/index.php\/product\/mani-tostado-repelado-x-500g\/\",\"url\":\"https:\/\/bizketo.com\/index.php\/product\/mani-tostado-repelado-x-500g\/\",\"name\":\"Mani tostado repelado x 500g - BizKeto\",\"isPartOf\":{\"@id\":\"https:\/\/bizketo.com\/#website\"},\"primaryImageOfPage\":{\"@id\":\"https:\/\/bizketo.com\/index.php\/product\/mani-tostado-repelado-x-500g\/#primaryimage\"},\"image\":{\"@id\":\"https:\/\/bizketo.com\/index.php\/product\/mani-tostado-repelado-x-500g\/#primaryimage\"},\"thumbnailUrl\":\"https:\/\/bizketo.com\/wp-content\/uploads\/2023\/10\/IMG_20200707_123424933-scaled.jpg\",\"datePublished\":\"2023-10-09T14:48:40+00:00\",\"dateModified\":\"2025-01-20T13:57:07+00:00\",\"description\":\"Manie tostado y repelado, listo para consumir o acompa\u00f1ar tus snacks y comidas. Es un alimento sin gluten, nutritivo con aporta de fibras y proteinas.\",\"breadcrumb\":{\"@id\":\"https:\/\/bizketo.com\/index.php\/product\/mani-tostado-repelado-x-500g\/#breadcrumb\"},\"inLanguage\":\"es-AR\",\"potentialAction\":[{\"@type\":\"ReadAction\",\"target\":[\"https:\/\/bizketo.com\/index.php\/product\/mani-tostado-repelado-x-500g\/\"]}]},{\"@type\":\"ImageObject\",\"inLanguage\":\"es-AR\",\"@id\":\"https:\/\/bizketo.com\/index.php\/product\/mani-tostado-repelado-x-500g\/#primaryimage\",\"url\":\"https:\/\/bizketo.com\/wp-content\/uploads\/2023\/10\/IMG_20200707_123424933-scaled.jpg\",\"contentUrl\":\"https:\/\/bizketo.com\/wp-content\/uploads\/2023\/10\/IMG_20200707_123424933-scaled.jpg\",\"width\":1920,\"height\":2560},{\"@type\":\"BreadcrumbList\",\"@id\":\"https:\/\/bizketo.com\/index.php\/product\/mani-tostado-repelado-x-500g\/#breadcrumb\",\"itemListElement\":[{\"@type\":\"ListItem\",\"position\":1,\"name\":\"Inicio\",\"item\":\"http:\/\/bizketo.com\/\"},{\"@type\":\"ListItem\",\"position\":2,\"name\":\"Premezclas Keto\",\"item\":\"http:\/\/bizketo.com\/\"},{\"@type\":\"ListItem\",\"position\":3,\"name\":\"Mani tostado repelado x 500g\"}]},{\"@type\":\"WebSite\",\"@id\":\"https:\/\/bizketo.com\/#website\",\"url\":\"https:\/\/bizketo.com\/\",\"name\":\"Bizketo\",\"description\":\"Nutriendo tu mejor version\",\"publisher\":{\"@id\":\"https:\/\/bizketo.com\/#organization\"},\"potentialAction\":[{\"@type\":\"SearchAction\",\"target\":{\"@type\":\"EntryPoint\",\"urlTemplate\":\"https:\/\/bizketo.com\/?s={search_term_string}\"},\"query-input\":\"required name=search_term_string\"}],\"inLanguage\":\"es-AR\"},{\"@type\":\"Organization\",\"@id\":\"https:\/\/bizketo.com\/#organization\",\"name\":\"Bizketo\",\"url\":\"https:\/\/bizketo.com\/\",\"logo\":{\"@type\":\"ImageObject\",\"inLanguage\":\"es-AR\",\"@id\":\"https:\/\/bizketo.com\/#\/schema\/logo\/image\/\",\"url\":\"https:\/\/bizketo.com\/wp-content\/uploads\/2023\/07\/cropped-WhatsApp-Image-2023-07-25-at-20.17.58-2.jpeg\",\"contentUrl\":\"https:\/\/bizketo.com\/wp-content\/uploads\/2023\/07\/cropped-WhatsApp-Image-2023-07-25-at-20.17.58-2.jpeg\",\"width\":100,\"height\":70,\"caption\":\"Bizketo\"},\"image\":{\"@id\":\"https:\/\/bizketo.com\/#\/schema\/logo\/image\/\"},\"sameAs\":[\"https:\/\/www.facebook.com\/avenaymielCdM\",\"https:\/\/www.instagram.com\/bizketo_ar\"]}]}<\/script>\n<!-- \/ Yoast SEO plugin. -->","yoast_head_json":{"title":"Mani tostado repelado x 500g - BizKeto","description":"Manie tostado y repelado, listo para consumir o acompa\u00f1ar tus snacks y comidas. Es un alimento sin gluten, nutritivo con aporta de fibras y proteinas.","robots":{"index":"index","follow":"follow","max-snippet":"max-snippet:-1","max-image-preview":"max-image-preview:large","max-video-preview":"max-video-preview:-1"},"canonical":"https:\/\/bizketo.com\/index.php\/product\/mani-tostado-repelado-x-500g\/","og_locale":"es_ES","og_type":"article","og_title":"Mani tostado repelado x 500g - BizKeto","og_description":"Manie tostado y repelado, listo para consumir o acompa\u00f1ar tus snacks y comidas. Es un alimento sin gluten, nutritivo con aporta de fibras y proteinas.","og_url":"https:\/\/bizketo.com\/index.php\/product\/mani-tostado-repelado-x-500g\/","og_site_name":"BizKeto","article_publisher":"https:\/\/www.facebook.com\/avenaymielCdM","article_modified_time":"2025-01-20T13:57:07+00:00","og_image":[{"width":1920,"height":2560,"url":"https:\/\/bizketo.com\/wp-content\/uploads\/2023\/10\/IMG_20200707_123424933-scaled.jpg","type":"image\/jpeg"}],"twitter_card":"summary_large_image","twitter_misc":{"Tiempo de lectura":"3 minutos"},"schema":{"@context":"https:\/\/schema.org","@graph":[{"@type":"WebPage","@id":"https:\/\/bizketo.com\/index.php\/product\/mani-tostado-repelado-x-500g\/","url":"https:\/\/bizketo.com\/index.php\/product\/mani-tostado-repelado-x-500g\/","name":"Mani tostado repelado x 500g - BizKeto","isPartOf":{"@id":"https:\/\/bizketo.com\/#website"},"primaryImageOfPage":{"@id":"https:\/\/bizketo.com\/index.php\/product\/mani-tostado-repelado-x-500g\/#primaryimage"},"image":{"@id":"https:\/\/bizketo.com\/index.php\/product\/mani-tostado-repelado-x-500g\/#primaryimage"},"thumbnailUrl":"https:\/\/bizketo.com\/wp-content\/uploads\/2023\/10\/IMG_20200707_123424933-scaled.jpg","datePublished":"2023-10-09T14:48:40+00:00","dateModified":"2025-01-20T13:57:07+00:00","description":"Manie tostado y repelado, listo para consumir o acompa\u00f1ar tus snacks y comidas. Es un alimento sin gluten, nutritivo con aporta de fibras y proteinas.","breadcrumb":{"@id":"https:\/\/bizketo.com\/index.php\/product\/mani-tostado-repelado-x-500g\/#breadcrumb"},"inLanguage":"es-AR","potentialAction":[{"@type":"ReadAction","target":["https:\/\/bizketo.com\/index.php\/product\/mani-tostado-repelado-x-500g\/"]}]},{"@type":"ImageObject","inLanguage":"es-AR","@id":"https:\/\/bizketo.com\/index.php\/product\/mani-tostado-repelado-x-500g\/#primaryimage","url":"https:\/\/bizketo.com\/wp-content\/uploads\/2023\/10\/IMG_20200707_123424933-scaled.jpg","contentUrl":"https:\/\/bizketo.com\/wp-content\/uploads\/2023\/10\/IMG_20200707_123424933-scaled.jpg","width":1920,"height":2560},{"@type":"BreadcrumbList","@id":"https:\/\/bizketo.com\/index.php\/product\/mani-tostado-repelado-x-500g\/#breadcrumb","itemListElement":[{"@type":"ListItem","position":1,"name":"Inicio","item":"http:\/\/bizketo.com\/"},{"@type":"ListItem","position":2,"name":"Premezclas Keto","item":"http:\/\/bizketo.com\/"},{"@type":"ListItem","position":3,"name":"Mani tostado repelado x 500g"}]},{"@type":"WebSite","@id":"https:\/\/bizketo.com\/#website","url":"https:\/\/bizketo.com\/","name":"Bizketo","description":"Nutriendo tu mejor version","publisher":{"@id":"https:\/\/bizketo.com\/#organization"},"potentialAction":[{"@type":"SearchAction","target":{"@type":"EntryPoint","urlTemplate":"https:\/\/bizketo.com\/?s={search_term_string}"},"query-input":"required name=search_term_string"}],"inLanguage":"es-AR"},{"@type":"Organization","@id":"https:\/\/bizketo.com\/#organization","name":"Bizketo","url":"https:\/\/bizketo.com\/","logo":{"@type":"ImageObject","inLanguage":"es-AR","@id":"https:\/\/bizketo.com\/#\/schema\/logo\/image\/","url":"https:\/\/bizketo.com\/wp-content\/uploads\/2023\/07\/cropped-WhatsApp-Image-2023-07-25-at-20.17.58-2.jpeg","contentUrl":"https:\/\/bizketo.com\/wp-content\/uploads\/2023\/07\/cropped-WhatsApp-Image-2023-07-25-at-20.17.58-2.jpeg","width":100,"height":70,"caption":"Bizketo"},"image":{"@id":"https:\/\/bizketo.com\/#\/schema\/logo\/image\/"},"sameAs":["https:\/\/www.facebook.com\/avenaymielCdM","https:\/\/www.instagram.com\/bizketo_ar"]}]}},"_links":{"self":[{"href":"https:\/\/bizketo.com\/index.php\/wp-json\/wp\/v2\/product\/110","targetHints":{"allow":["GET"]}}],"collection":[{"href":"https:\/\/bizketo.com\/index.php\/wp-json\/wp\/v2\/product"}],"about":[{"href":"https:\/\/bizketo.com\/index.php\/wp-json\/wp\/v2\/types\/product"}],"replies":[{"embeddable":true,"href":"https:\/\/bizketo.com\/index.php\/wp-json\/wp\/v2\/comments?post=110"}],"wp:featuredmedia":[{"embeddable":true,"href":"https:\/\/bizketo.com\/index.php\/wp-json\/wp\/v2\/media\/109"}],"wp:attachment":[{"href":"https:\/\/bizketo.com\/index.php\/wp-json\/wp\/v2\/media?parent=110"}],"wp:term":[{"taxonomy":"product_cat","embeddable":true,"href":"https:\/\/bizketo.com\/index.php\/wp-json\/wp\/v2\/product_cat?post=110"},{"taxonomy":"product_tag","embeddable":true,"href":"https:\/\/bizketo.com\/index.php\/wp-json\/wp\/v2\/product_tag?post=110"}],"curies":[{"name":"wp","href":"https:\/\/api.w.org\/{rel}","templated":true}]}}