{"id":154,"date":"2023-10-18T22:53:19","date_gmt":"2023-10-18T22:53:19","guid":{"rendered":"https:\/\/bizketo.com\/?post_type=product&#038;p=154"},"modified":"2025-01-20T02:06:51","modified_gmt":"2025-01-20T05:06:51","slug":"fenogreco-x-100g","status":"publish","type":"product","link":"https:\/\/bizketo.com\/index.php\/product\/fenogreco-x-100g\/","title":{"rendered":"Fenogreco x 100g"},"content":{"rendered":"<h2 id=\"anchor_1\" class=\"titulo titulo--h2 titulo--apartado\">Propiedades y beneficios del fenogreco para la salud<\/h2>\n<div class=\"apartado\">\n<ul>\n<li>Esta legumbre cuenta con propiedades hipoglucemiantes que nos ayudan a reducir los niveles de az\u00facar en sangre, por lo cual, es ideal para aquellas personas que padecen\u00a0<a href=\"https:\/\/uncomo.mundodeportivo.com\/salud\/articulo\/que-es-la-diabetes-19151.html\">diabetes tipo I y II<\/a>, siempre con las dosis controladas por un m\u00e9dico.<\/li>\n<li>Su riqueza en amino\u00e1cidos 4-hidroxiisoleucina, le brinda propiedades hep\u00e1ticas que reducen los niveles de colesterol LDL y aumenta\u00a0<a href=\"https:\/\/uncomo.mundodeportivo.com\/salud\/articulo\/alimentos-que-aumentan-el-colesterol-bueno-28898.html\">el colesterol HDL<\/a>\u00a0en sangre. En consecuencia, previene enfermedades cardiovasculares y la formaci\u00f3n de piedras en el ri\u00f1\u00f3n.<\/li>\n<li>Tambi\u00e9n es ideal para tratar problemas digestivos, como acidez estomacal y \u00falceras digestivas, ya que cuenta con propiedades emolientes y antisecretoras que hacen que esta semilla act\u00fae como un protector g\u00e1strico.<\/li>\n<li>Su riqueza en fibra soluble le proporciona propiedades laxantes, ideales para casos de estre\u00f1imiento.<\/li>\n<li>Ademas, cuenta con propiedades reconstituyentes, por lo que se utiliza como suplemento alimenticio en casos de anorexia y anemia.<\/li>\n<li>Esta semilla es utilizada por deportistas, ya que es rica en prote\u00ednas, colina, f\u00f3sforo y flavonoides, lo que le brinda propiedades que favorecen el desarrollo de la masa muscular. Adem\u00e1s tambi\u00e9n cuenta con propiedades energ\u00e9ticas y estimulantes, ideales para la pr\u00e1ctica deportiva.<\/li>\n<li>El fenogreco es ideal para las mujeres con menopausia y con reglas dolorosas, ya que es rico en saponinas estrog\u00e9nicas, una sustancia similar a las hormonas femeninas. Esta sustancia tambi\u00e9n le brinda propiedades estimulantes, las cuales, son empleadas para aumentar el tama\u00f1o del busto.<\/li>\n<li>Por \u00faltimo, sus propiedades antiinflamatorias lo convierten en un buen remedio de uso t\u00f3pico para tratar diferentes problemas como hemorroides, afecciones en la piel, celulitis y dolores articulares.<\/li>\n<\/ul>\n<div class=\"imagen_wrap\">\n<div class=\"imagen lupa\" data-js-selector=\"imagen\" data-posicion=\"2\">\n<picture><source srcset=\"https:\/\/t1.uc.ltmcdn.com\/es\/posts\/3\/3\/9\/propiedades_y_beneficios_del_fenogreco_para_la_salud_46933_2_600.webp\" type=\"image\/webp\" \/><\/picture>\n<div id=\"standard_5\" class=\"st-placement standard_5 inImage\">\n<div class=\"st-adunit st-adunit-tagged st-reset st-show\">\n<div class=\"st-adunit-ad st-reset\">\n<div>\n<div class=\"st-display-render st-reset open 600x400\">\n<div class=\"st-canvas st-reset full-responsive\"><strong>Infusi\u00f3n o t\u00e9 de fenogreco:<\/strong> para\u00a0 La dosis diaria es de 1 a 3 infusiones y siempre es recomendable consultar al m\u00e9dico antes de comenzar a tomarlas.<\/div>\n<\/div>\n<\/div>\n<\/div>\n<\/div>\n<\/div>\n<\/div>\n<\/div>\n<\/div>\n","protected":false},"excerpt":{"rendered":"<p>Propiedades y beneficios del fenogreco para la salud Esta legumbre cuenta con propiedades hipoglucemiantes que nos ayudan a reducir los niveles de az\u00facar en sangre, por lo cual, es ideal para aquellas personas que padecen\u00a0diabetes tipo I y II, siempre con las dosis controladas por un m\u00e9dico. Su riqueza en amino\u00e1cidos 4-hidroxiisoleucina, le brinda propiedades [&hellip;]<\/p>\n","protected":false},"featured_media":155,"comment_status":"open","ping_status":"closed","template":"","meta":[],"product_cat":[38],"product_tag":[],"class_list":{"0":"post-154","1":"product","2":"type-product","3":"status-publish","4":"has-post-thumbnail","6":"product_cat-semillas","8":"first","9":"instock","10":"sale","11":"shipping-taxable","12":"purchasable","13":"product-type-simple"},"yoast_head":"<!-- This site is optimized with the Yoast SEO plugin v22.9 - https:\/\/yoast.com\/wordpress\/plugins\/seo\/ -->\n<title>Fenogreco x 100g - BizKeto<\/title>\n<meta name=\"robots\" content=\"index, follow, max-snippet:-1, max-image-preview:large, max-video-preview:-1\" \/>\n<link rel=\"canonical\" href=\"https:\/\/bizketo.com\/index.php\/product\/fenogreco-x-100g\/\" \/>\n<meta property=\"og:locale\" content=\"es_ES\" \/>\n<meta property=\"og:type\" content=\"article\" \/>\n<meta property=\"og:title\" content=\"Fenogreco x 100g - BizKeto\" \/>\n<meta property=\"og:description\" content=\"Propiedades y beneficios del fenogreco para la salud Esta legumbre cuenta con propiedades hipoglucemiantes que nos ayudan a reducir los niveles de az\u00facar en sangre, por lo cual, es ideal para aquellas personas que padecen\u00a0diabetes tipo I y II, siempre con las dosis controladas por un m\u00e9dico. Su riqueza en amino\u00e1cidos 4-hidroxiisoleucina, le brinda propiedades [&hellip;]\" \/>\n<meta property=\"og:url\" content=\"https:\/\/bizketo.com\/index.php\/product\/fenogreco-x-100g\/\" \/>\n<meta property=\"og:site_name\" content=\"BizKeto\" \/>\n<meta property=\"article:publisher\" content=\"https:\/\/www.facebook.com\/avenaymielCdM\" \/>\n<meta property=\"article:modified_time\" content=\"2025-01-20T05:06:51+00:00\" \/>\n<meta property=\"og:image\" content=\"https:\/\/bizketo.com\/wp-content\/uploads\/2023\/10\/12_20231018_174408_0000.png\" \/>\n\t<meta property=\"og:image:width\" content=\"1080\" \/>\n\t<meta property=\"og:image:height\" content=\"1350\" \/>\n\t<meta property=\"og:image:type\" content=\"image\/png\" \/>\n<meta name=\"twitter:card\" content=\"summary_large_image\" \/>\n<meta name=\"twitter:label1\" content=\"Tiempo de lectura\" \/>\n\t<meta name=\"twitter:data1\" content=\"2 minutos\" \/>\n<script type=\"application\/ld+json\" class=\"yoast-schema-graph\">{\"@context\":\"https:\/\/schema.org\",\"@graph\":[{\"@type\":\"WebPage\",\"@id\":\"https:\/\/bizketo.com\/index.php\/product\/fenogreco-x-100g\/\",\"url\":\"https:\/\/bizketo.com\/index.php\/product\/fenogreco-x-100g\/\",\"name\":\"Fenogreco x 100g - BizKeto\",\"isPartOf\":{\"@id\":\"http:\/\/bizketo.com\/#website\"},\"primaryImageOfPage\":{\"@id\":\"https:\/\/bizketo.com\/index.php\/product\/fenogreco-x-100g\/#primaryimage\"},\"image\":{\"@id\":\"https:\/\/bizketo.com\/index.php\/product\/fenogreco-x-100g\/#primaryimage\"},\"thumbnailUrl\":\"https:\/\/bizketo.com\/wp-content\/uploads\/2023\/10\/12_20231018_174408_0000.png\",\"datePublished\":\"2023-10-18T22:53:19+00:00\",\"dateModified\":\"2025-01-20T05:06:51+00:00\",\"breadcrumb\":{\"@id\":\"https:\/\/bizketo.com\/index.php\/product\/fenogreco-x-100g\/#breadcrumb\"},\"inLanguage\":\"es-AR\",\"potentialAction\":[{\"@type\":\"ReadAction\",\"target\":[\"https:\/\/bizketo.com\/index.php\/product\/fenogreco-x-100g\/\"]}]},{\"@type\":\"ImageObject\",\"inLanguage\":\"es-AR\",\"@id\":\"https:\/\/bizketo.com\/index.php\/product\/fenogreco-x-100g\/#primaryimage\",\"url\":\"https:\/\/bizketo.com\/wp-content\/uploads\/2023\/10\/12_20231018_174408_0000.png\",\"contentUrl\":\"https:\/\/bizketo.com\/wp-content\/uploads\/2023\/10\/12_20231018_174408_0000.png\",\"width\":1080,\"height\":1350},{\"@type\":\"BreadcrumbList\",\"@id\":\"https:\/\/bizketo.com\/index.php\/product\/fenogreco-x-100g\/#breadcrumb\",\"itemListElement\":[{\"@type\":\"ListItem\",\"position\":1,\"name\":\"Inicio\",\"item\":\"http:\/\/bizketo.com\/\"},{\"@type\":\"ListItem\",\"position\":2,\"name\":\"Premezclas Keto\",\"item\":\"http:\/\/bizketo.com\/\"},{\"@type\":\"ListItem\",\"position\":3,\"name\":\"Fenogreco x 100g\"}]},{\"@type\":\"WebSite\",\"@id\":\"http:\/\/bizketo.com\/#website\",\"url\":\"http:\/\/bizketo.com\/\",\"name\":\"Bizketo\",\"description\":\"Nutriendo tu mejor version\",\"publisher\":{\"@id\":\"http:\/\/bizketo.com\/#organization\"},\"potentialAction\":[{\"@type\":\"SearchAction\",\"target\":{\"@type\":\"EntryPoint\",\"urlTemplate\":\"http:\/\/bizketo.com\/?s={search_term_string}\"},\"query-input\":\"required name=search_term_string\"}],\"inLanguage\":\"es-AR\"},{\"@type\":\"Organization\",\"@id\":\"http:\/\/bizketo.com\/#organization\",\"name\":\"Bizketo\",\"url\":\"http:\/\/bizketo.com\/\",\"logo\":{\"@type\":\"ImageObject\",\"inLanguage\":\"es-AR\",\"@id\":\"http:\/\/bizketo.com\/#\/schema\/logo\/image\/\",\"url\":\"https:\/\/bizketo.com\/wp-content\/uploads\/2023\/07\/cropped-WhatsApp-Image-2023-07-25-at-20.17.58-2.jpeg\",\"contentUrl\":\"https:\/\/bizketo.com\/wp-content\/uploads\/2023\/07\/cropped-WhatsApp-Image-2023-07-25-at-20.17.58-2.jpeg\",\"width\":100,\"height\":70,\"caption\":\"Bizketo\"},\"image\":{\"@id\":\"http:\/\/bizketo.com\/#\/schema\/logo\/image\/\"},\"sameAs\":[\"https:\/\/www.facebook.com\/avenaymielCdM\",\"https:\/\/www.instagram.com\/bizketo_ar\"]}]}<\/script>\n<!-- \/ Yoast SEO plugin. -->","yoast_head_json":{"title":"Fenogreco x 100g - BizKeto","robots":{"index":"index","follow":"follow","max-snippet":"max-snippet:-1","max-image-preview":"max-image-preview:large","max-video-preview":"max-video-preview:-1"},"canonical":"https:\/\/bizketo.com\/index.php\/product\/fenogreco-x-100g\/","og_locale":"es_ES","og_type":"article","og_title":"Fenogreco x 100g - BizKeto","og_description":"Propiedades y beneficios del fenogreco para la salud Esta legumbre cuenta con propiedades hipoglucemiantes que nos ayudan a reducir los niveles de az\u00facar en sangre, por lo cual, es ideal para aquellas personas que padecen\u00a0diabetes tipo I y II, siempre con las dosis controladas por un m\u00e9dico. Su riqueza en amino\u00e1cidos 4-hidroxiisoleucina, le brinda propiedades [&hellip;]","og_url":"https:\/\/bizketo.com\/index.php\/product\/fenogreco-x-100g\/","og_site_name":"BizKeto","article_publisher":"https:\/\/www.facebook.com\/avenaymielCdM","article_modified_time":"2025-01-20T05:06:51+00:00","og_image":[{"width":1080,"height":1350,"url":"https:\/\/bizketo.com\/wp-content\/uploads\/2023\/10\/12_20231018_174408_0000.png","type":"image\/png"}],"twitter_card":"summary_large_image","twitter_misc":{"Tiempo de lectura":"2 minutos"},"schema":{"@context":"https:\/\/schema.org","@graph":[{"@type":"WebPage","@id":"https:\/\/bizketo.com\/index.php\/product\/fenogreco-x-100g\/","url":"https:\/\/bizketo.com\/index.php\/product\/fenogreco-x-100g\/","name":"Fenogreco x 100g - BizKeto","isPartOf":{"@id":"http:\/\/bizketo.com\/#website"},"primaryImageOfPage":{"@id":"https:\/\/bizketo.com\/index.php\/product\/fenogreco-x-100g\/#primaryimage"},"image":{"@id":"https:\/\/bizketo.com\/index.php\/product\/fenogreco-x-100g\/#primaryimage"},"thumbnailUrl":"https:\/\/bizketo.com\/wp-content\/uploads\/2023\/10\/12_20231018_174408_0000.png","datePublished":"2023-10-18T22:53:19+00:00","dateModified":"2025-01-20T05:06:51+00:00","breadcrumb":{"@id":"https:\/\/bizketo.com\/index.php\/product\/fenogreco-x-100g\/#breadcrumb"},"inLanguage":"es-AR","potentialAction":[{"@type":"ReadAction","target":["https:\/\/bizketo.com\/index.php\/product\/fenogreco-x-100g\/"]}]},{"@type":"ImageObject","inLanguage":"es-AR","@id":"https:\/\/bizketo.com\/index.php\/product\/fenogreco-x-100g\/#primaryimage","url":"https:\/\/bizketo.com\/wp-content\/uploads\/2023\/10\/12_20231018_174408_0000.png","contentUrl":"https:\/\/bizketo.com\/wp-content\/uploads\/2023\/10\/12_20231018_174408_0000.png","width":1080,"height":1350},{"@type":"BreadcrumbList","@id":"https:\/\/bizketo.com\/index.php\/product\/fenogreco-x-100g\/#breadcrumb","itemListElement":[{"@type":"ListItem","position":1,"name":"Inicio","item":"http:\/\/bizketo.com\/"},{"@type":"ListItem","position":2,"name":"Premezclas Keto","item":"http:\/\/bizketo.com\/"},{"@type":"ListItem","position":3,"name":"Fenogreco x 100g"}]},{"@type":"WebSite","@id":"http:\/\/bizketo.com\/#website","url":"http:\/\/bizketo.com\/","name":"Bizketo","description":"Nutriendo tu mejor version","publisher":{"@id":"http:\/\/bizketo.com\/#organization"},"potentialAction":[{"@type":"SearchAction","target":{"@type":"EntryPoint","urlTemplate":"http:\/\/bizketo.com\/?s={search_term_string}"},"query-input":"required name=search_term_string"}],"inLanguage":"es-AR"},{"@type":"Organization","@id":"http:\/\/bizketo.com\/#organization","name":"Bizketo","url":"http:\/\/bizketo.com\/","logo":{"@type":"ImageObject","inLanguage":"es-AR","@id":"http:\/\/bizketo.com\/#\/schema\/logo\/image\/","url":"https:\/\/bizketo.com\/wp-content\/uploads\/2023\/07\/cropped-WhatsApp-Image-2023-07-25-at-20.17.58-2.jpeg","contentUrl":"https:\/\/bizketo.com\/wp-content\/uploads\/2023\/07\/cropped-WhatsApp-Image-2023-07-25-at-20.17.58-2.jpeg","width":100,"height":70,"caption":"Bizketo"},"image":{"@id":"http:\/\/bizketo.com\/#\/schema\/logo\/image\/"},"sameAs":["https:\/\/www.facebook.com\/avenaymielCdM","https:\/\/www.instagram.com\/bizketo_ar"]}]}},"_links":{"self":[{"href":"https:\/\/bizketo.com\/index.php\/wp-json\/wp\/v2\/product\/154","targetHints":{"allow":["GET"]}}],"collection":[{"href":"https:\/\/bizketo.com\/index.php\/wp-json\/wp\/v2\/product"}],"about":[{"href":"https:\/\/bizketo.com\/index.php\/wp-json\/wp\/v2\/types\/product"}],"replies":[{"embeddable":true,"href":"https:\/\/bizketo.com\/index.php\/wp-json\/wp\/v2\/comments?post=154"}],"wp:featuredmedia":[{"embeddable":true,"href":"https:\/\/bizketo.com\/index.php\/wp-json\/wp\/v2\/media\/155"}],"wp:attachment":[{"href":"https:\/\/bizketo.com\/index.php\/wp-json\/wp\/v2\/media?parent=154"}],"wp:term":[{"taxonomy":"product_cat","embeddable":true,"href":"https:\/\/bizketo.com\/index.php\/wp-json\/wp\/v2\/product_cat?post=154"},{"taxonomy":"product_tag","embeddable":true,"href":"https:\/\/bizketo.com\/index.php\/wp-json\/wp\/v2\/product_tag?post=154"}],"curies":[{"name":"wp","href":"https:\/\/api.w.org\/{rel}","templated":true}]}}